{"id":64,"date":"2015-09-10T18:45:05","date_gmt":"2015-09-10T16:45:05","guid":{"rendered":"http:\/\/www.rdu-gmbh.de\/neue_version\/?page_id=64"},"modified":"2024-07-23T21:52:06","modified_gmt":"2024-07-23T19:52:06","slug":"ueber-uns","status":"publish","type":"page","link":"https:\/\/www.rdu-gmbh.de\/en\/ueber-uns\/","title":{"rendered":"About us &#038; Contact"},"content":{"rendered":"<p><\/p>\n<p>We are consulting engineers from Magdeburg (Germany) concerning with mechanic, primary vibration related issues.<\/p>\n<p>Our clients profit by measurement and simulation services, software development and distribution as well as trainings. We steadily develop our competences and our methods: Since many years we have gained expertise in cooperations with international OEMs, SMEs and regional companies. Nevertheless we keep an cooperation with Otto-von-Guericke University Magdeburg. By the use of the multibody simulation Software EMD in Education and Research we daily profit from newest knowledge.<br \/>\nWe can be your professional partner with validated solutions according to the state of science and research &#8211; don&#8217;t hesitate to contact now!<\/p>\n<h4>Experts at your side<\/h4>\n<div style=\"clear: both;\"><img decoding=\"async\" loading=\"lazy\" class=\"alignleft wp-image-279\" src=\"http:\/\/www.rdu-gmbh.de\/wp-content\/uploads\/2017\/06\/steffen_nitzschke.jpg\" alt=\"Foto Dr. Steffen Nitzschke\" width=\"185\" height=\"252\" srcset=\"https:\/\/www.rdu-gmbh.de\/wp-content\/uploads\/2017\/06\/steffen_nitzschke.jpg 294w, https:\/\/www.rdu-gmbh.de\/wp-content\/uploads\/2017\/06\/steffen_nitzschke-221x300.jpg 221w\" sizes=\"(max-width: 185px) 100vw, 185px\" \/><br \/>\nDr.-Ing. Steffen Nitzschke<\/p>\n<ul style=\"list-style-position: inside;\">\n<li>CEO<\/li>\n<li>fluid bearing models<\/li>\n<li>elastic bodies<\/li>\n<li>solver<\/li>\n<li>quality assurance<\/li>\n<\/ul>\n<p>PhD Thesis <a href=\"https:\/\/www.schweitzer-online.de\/go\/product\/9783869485539\" target=\"_blank\" rel=\"noopener\">Instation\u00e4res Verhalten schwimmbuchsengelagerter Rotoren unter Ber\u00fccksichtigung masseerhaltender Kavitation<\/a><\/p>\n<\/div>\n<div style=\"clear: both;\"><img decoding=\"async\" loading=\"lazy\" class=\"alignleft size-full wp-image-283\" src=\"http:\/\/www.rdu-gmbh.de\/wp-content\/uploads\/2017\/06\/Stefan_Goebel.jpg\" alt=\"\" width=\"185\" height=\"252\" \/><br \/>\nDipl.-Ing. Stefan G\u00f6bel<\/p>\n<ul style=\"list-style-position: inside;\">\n<li>CEO<\/li>\n<li>Design of Experiments<\/li>\n<li>accoustics<\/li>\n<li>project management<\/li>\n<li>public relations<\/li>\n<\/ul>\n<\/div>\n<div style=\"clear: both;\"><\/div>\n<div style=\"clear: both;\"><img decoding=\"async\" loading=\"lazy\" class=\"alignleft size-full wp-image-280\" src=\"http:\/\/www.rdu-gmbh.de\/wp-content\/uploads\/2017\/06\/christian_daniel.jpg\" alt=\"\" width=\"185\" height=\"252\" srcset=\"https:\/\/www.rdu-gmbh.de\/wp-content\/uploads\/2017\/06\/christian_daniel.jpg 294w, https:\/\/www.rdu-gmbh.de\/wp-content\/uploads\/2017\/06\/christian_daniel-221x300.jpg 221w\" sizes=\"(max-width: 185px) 100vw, 185px\" \/><br \/>\nDr.-Ing. Christian Daniel<\/p>\n<ul style=\"list-style-position: inside;\">\n<li>roller- &amp; magnetic bearings<\/li>\n<li>model set up<\/li>\n<li>measurements<\/li>\n<li>trainings<\/li>\n<\/ul>\n<p>PhD Thesis <a href=\"http:\/\/nbn-resolving.de\/urn:nbn:de:gbv:ma9:1-3924\" target=\"_blank\" rel=\"noopener\">Simulation von gleit- und w\u00e4lzgelagerten Systemen auf Basis eines Mehrk\u00f6rpersystems f\u00fcr rotordynamische Anwendungen<\/a><\/p>\n<\/div>\n<div style=\"clear: both;\"><\/div>\n<h4>Academic Advisor<\/h4>\n<p><img decoding=\"async\" loading=\"lazy\" class=\"alignleft size-full wp-image-281\" src=\"http:\/\/www.rdu-gmbh.de\/wp-content\/uploads\/2017\/06\/elmar_woschke.jpg\" alt=\"Foto Dr. Elmar Woschke\" width=\"185\" height=\"252\" srcset=\"https:\/\/www.rdu-gmbh.de\/wp-content\/uploads\/2017\/06\/elmar_woschke.jpg 294w, https:\/\/www.rdu-gmbh.de\/wp-content\/uploads\/2017\/06\/elmar_woschke-221x300.jpg 221w\" sizes=\"(max-width: 185px) 100vw, 185px\" \/><br \/>\nProfessor Dr.-Ing. Elmar Woschke<\/p>\n<p>OVGU &#8211; Institute of Mechanics<br \/>\n<a href=\"https:\/\/www.ifme.ovgu.de\/Lehrst%C3%BChle\/Mehrk%C3%B6rperdynamik.html\">Chair of Multibody Dynamics<\/a><\/p>\n<p><\/p>","protected":false},"excerpt":{"rendered":"<p>We are consulting engineers from Magdeburg (Germany) concerning with mechanic, primary vibration related issues. Our clients profit by measurement and simulation services, software development and distribution as well as trainings. We steadily develop our competences and our methods: Since many<\/p>\n","protected":false},"author":1,"featured_media":0,"parent":0,"menu_order":0,"comment_status":"closed","ping_status":"closed","template":"","meta":[],"_links":{"self":[{"href":"https:\/\/www.rdu-gmbh.de\/en\/wp-json\/wp\/v2\/pages\/64"}],"collection":[{"href":"https:\/\/www.rdu-gmbh.de\/en\/wp-json\/wp\/v2\/pages"}],"about":[{"href":"https:\/\/www.rdu-gmbh.de\/en\/wp-json\/wp\/v2\/types\/page"}],"author":[{"embeddable":true,"href":"https:\/\/www.rdu-gmbh.de\/en\/wp-json\/wp\/v2\/users\/1"}],"replies":[{"embeddable":true,"href":"https:\/\/www.rdu-gmbh.de\/en\/wp-json\/wp\/v2\/comments?post=64"}],"version-history":[{"count":24,"href":"https:\/\/www.rdu-gmbh.de\/en\/wp-json\/wp\/v2\/pages\/64\/revisions"}],"predecessor-version":[{"id":634,"href":"https:\/\/www.rdu-gmbh.de\/en\/wp-json\/wp\/v2\/pages\/64\/revisions\/634"}],"wp:attachment":[{"href":"https:\/\/www.rdu-gmbh.de\/en\/wp-json\/wp\/v2\/media?parent=64"}],"curies":[{"name":"wp","href":"https:\/\/api.w.org\/{rel}","templated":true}]}}