{"id":405,"date":"2017-10-17T14:28:47","date_gmt":"2017-10-17T12:28:47","guid":{"rendered":"http:\/\/www.rdu-gmbh.de\/?page_id=405"},"modified":"2021-10-07T20:06:12","modified_gmt":"2021-10-07T18:06:12","slug":"publications","status":"publish","type":"page","link":"https:\/\/www.rdu-gmbh.de\/en\/publications\/","title":{"rendered":"Publications"},"content":{"rendered":"<p><\/p>\n<h3>2020<\/h3>\n<p>Spannan, Lars;  Duvigneau, Fabian;  Gavila Lloret, Maria;  Daniel, Christian;  Juhre, Daniel;  Woschke, Elmar:<strong> <a href=\"http:\/\/dx.doi.org\/10.24352\/UB.OVGU-2020-021\"><span class=\"pubtitel\">A study on harmonic excitation based experimental characterization of damping materials for acoustic simulations<\/span><\/a><\/strong>, <span class=\"pubquelle\">Technische Mechanik &#8211; wissenschaftliche Zeitschrift f\u00fcr Anwendungen der technischen Mechanik &#8211; Magdeburg: Bd. 40.2020, 2, S. 134-148<\/span><\/p>\n<p>Marter, Paul;  Daniel, Christian;  Duvigneau, Fabian;  Woschke, Elmar:<strong> <a href=\"http:\/\/dx.doi.org\/10.3390\/app10113715\"><span class=\"pubtitel\">Numerical analysis based on a multi-body simulation for a plunging type constant velocity joint<\/span><\/a><\/strong>, <span class=\"pubquelle\">Applied Sciences: open access journal &#8211; Basel: MDPI, 2011, Volume 10 (2020), issue 11, article 3715, 18 Seiten<\/span><\/p>\n<p>Duvigneau, Fabian;  Daniel, Christian;  Koch, Sebastian;  Woschke, Elmar:<strong> <a href=\"http:\/\/dx.doi.org\/10.1007\/s35148-019-0049-4\"><span class=\"pubtitel\">NVH in der Elektromobilit\u00e4t &#8211; Schwingungsanalyse mit Derotator<\/span><\/a><\/strong>, <span class=\"pubquelle\">Automobiltechnische Zeitschrift &#8211; Wiesbaden: Vieweg, Bd. 12.2019, 6, S. 68-73<\/span><\/p>\n<p>Tandler, Robert;  Bohn, Niels;  Gabbert, Ulrich;  Woschke, Elmar:<strong> <a href=\"http:\/\/dx.doi.org\/10.1016\/j.triboint.2019.105871\"><span class=\"pubtitel\">Experimental investigations of the internal friction in automotive bush chain drive systems<\/span><\/a><\/strong>, <span class=\"pubquelle\">Tribology international &#8211; Amsterdam [u.a.]: Elsevier Science, Volume 140 (2019), Article 10587<\/span><\/p>\n<p>Duvigneau, Fabian;  Daniel, Christian;  Koch, Sebastian;  Woschke, Elmar:<strong> <a href=\"http:\/\/dx.doi.org\/10.1007\/s38311-019-0057-8\"><span class=\"pubtitel\">NVH in electric mobility &#8211; vibration analysis using a derotator<\/span><\/a><\/strong>, <span class=\"pubquelle\">ATZ worldwide &#8211; Wiesbaden: Springer Automotive Media, Bd. 121.2019, 6, S. 66-71<\/span><\/p>\n<p>Woschke, Elmar;  Nitzschke, Steffen;  Daniel, Christian:<strong> <a href=\"http:\/\/dx.doi.org\/10.1002\/pamm.201900274\"><span class=\"pubtitel\">Nonlinear vibrations in rotor systems with floating ring bearings induced by fluidstructure interactions<\/span><\/a><\/strong>, <span class=\"pubquelle\">Proceedings in applied mathematics and mechanics: PAMM &#8211; Weinheim [u.a.]: Wiley-VCH, 2002, Bd. 19.2019, 1, insges. 4 S.<\/span><\/p>\n<h3>2019<\/h3>\n<p>Daniel, Christian;  Woschke, Elmar:<strong> <a href=\"http:\/\/dx.doi.org\/10.25673\/13731\"><span class=\"pubtitel\">Dynamische Radkraftmessung am PKW im Fahrbetrieb mittels DMS Applikation am Felgenk\u00f6rper<\/span><\/a><\/strong>, <span class=\"pubquelle\">4. Magdeburger Maschinenbau-Tage 2019 &#8211; Magdeburger Ingenieurtage &#8211; 24. und 25. September 2019 : Tagungsband &#8211; Magdeburg: Otto von Guericke Universit\u00e4t Magdeburg, Fakult\u00e4t Maschinenbau, Institut f\u00fcr Mobile Systeme &#8211; Lehrstuhl Mechatronik, S. 29-36<\/span><\/p>\n<p>Ziese, Christian;  Daniel, Christian;  Mostertz, Holger;  Woschke, Elmar:<strong> <a href=\"http:\/\/dx.doi.org\/10.25673\/13731\"><span class=\"pubtitel\">Hochlaufsimulation eines semi-floating gelagerten ATL-Rotors mit schwimmender Axiallagerscheibe<\/span><\/a><\/strong>, <span class=\"pubquelle\">14. Magdeburger Maschinenbau-Tage 2019 &#8211; Magdeburger Ingenieurtage &#8211; 24. und 25. September 2019 : Tagungsband &#8211; Magdeburg: Otto von Guericke Universit\u00e4t Magdeburg, Fakult\u00e4t Maschinenbau, Institut f\u00fcr Mobile Systeme &#8211; Lehrstuhl Mechatronik; S. 105-112<\/span><\/p>\n<p>Sch\u00fcnemann, Martin;  Heidfeld, Hannes;  Koch, Sebastian;  Daniel, Christian;  Kasper, Roland;  Woschke, Elmar<strong> <a href=\"http:\/\/dx.doi.org\/10.25673\/13731\"><span class=\"pubtitel\">Nutzbarkeitsuntersuchung der Messdaten eines Komponenten-Messrades f\u00fcr die Parameteridentifikation mathematisch-empirischer Reifenmodelle am Beispiel des Forschungsfahrzeugs Editha<\/span><\/a><\/strong>, <span class=\"pubquelle\">14. Magdeburger Maschinenbau-Tage 2019 &#8211; Magdeburger Ingenieurtage &#8211; 24. und 25. September 2019 : Tagungsband &#8211; Magdeburg: Otto von Guericke Universit\u00e4t Magdeburg, Fakult\u00e4t Maschinenbau, Institut f\u00fcr Mobile Systeme &#8211; Lehrstuhl Mechatronik, S. 47-56<\/span><\/p>\n<p>Daniel, Christian;  Woschke, Elmar;  Nitzschke, Steffen:<strong> <span class=\"pubtitel\">Simulation and measurement of ring speed of full floating ring bearing in an automotive turbocharger<\/span><\/strong>, <span class=\"pubquelle\">Proceedings of 13th SIRM, the 13th International Conference on Dynamics of Rotating Machinery &#8211; Lyngby, Denmark: Department of Mechanical Engineering, Technical University of Denmark; Santos, Ilmar Ferreira, S. 142-149, 2019<\/span><\/p>\n<p>Koch, Sebastian;  Duczek, Sascha;  Duvigneau, Fabian;  Woschke, Elmar:<strong> <span class=\"pubtitel\">Simulation of fluid structure interactions by using high order FEM and SPH<\/span><\/strong>, <span class=\"pubquelle\">Particles 2019 &#8211; CIMNE; Barcelona, Spain, S. 795-805<\/span><\/p>\n<p>Irmscher, Cornelius;  Nitzschke, Steffen;  Woschke, Elmar:<strong> <span class=\"pubtitel\">Transient thermo-hydrodynamic analysis of a laval rotor supported by journal bearings with respect to calculation times<\/span><\/strong>, <span class=\"pubquelle\">Proceedings of 13th SIRM, the 13th International Conference on Dynamics of Rotating Machinery &#8211; Lyngby, Denmark: Department of Mechanical Engineering, Technical University of Denmark; Santos, Ilmar Ferreira, S. 162-173, 2019<\/span><\/p>\n<h3>2018<\/h3>\n<p>Irmscher, Cornelius; Woschke, Elmar; May, Erik; Daniel, Christian:<strong> <a href=\"http:\/\/dx.doi.org\/10.1016\/j.medengphy.2017.12.004\"><span class=\"pubtitel\">Design, optimisation and testing of a compact, inexpensive elastic element for series elastic actuators<\/span><\/a><\/strong>, <span class=\"pubquelle\">Medical engineering &amp; physics: official publication of the Institution of Physics and Engineering in Medicine (IPEM) &#8211; Amsterdam [u.a.]: Elsevier Science, Bd. 52.2018, S. 84-89<\/span><\/p>\n<p>Irmscher, Cornelius; Nitzschke, Steffen; Daniel, Christian; Woschke, Elmar:<strong> <a href=\"http:\/\/dx.doi.org\/10.1002\/pamm.201800412\"><span class=\"pubtitel\">Influence of friction-induced heating on the dynamic behaviour of rotors supported by journal bearings<\/span><\/a><\/strong>, <span class=\"pubquelle\">Proceedings in applied mathematics and mechanics: PAMM &#8211; Weinheim [u.a.]: Wiley-VCH, Vol. 18.2018, 1, Art. e201800412<\/span><\/p>\n<p>Nitzschke S., Woschke E., Daniel C.:<strong> <a href=\"https:\/\/doi.org\/10.1007\/978-3-319-99272-3_26\" target=\"_blank\" rel=\"noopener\">Application of Regularised Cavitation Algorithm for Transient Analysis of Rotors Supported in Floating Ring Bearings<\/a><\/strong>, <span class=\"pubquelle\">Proceedings of the 10th International Conference on Rotor Dynamics &#8211; IFToMM : 23-27 September 2018, S. 371-387, 2018<\/span><\/p>\n<p>Spannan, L.;  Daniel, C.;  Woschke, E.: <span class=\"pubtitel\"><strong><a href=\"http:\/\/dx.doi.org\/10.1007\/978-3-319-99272-3_8\" target=\"_blank\" rel=\"noopener\">Simulation of the ball kinetic in ball-type automatic balancing devices by solving the axisymmetric navier-stokes Equations in annular cavities<\/a><\/strong>, <\/span><span class=\"pubquelle\">Proceedings of the 10th International Conference on Rotor Dynamics &#8211; IFToMM : 23-27 September 2018, S. 109-118, 2018<\/span><\/p>\n<h3>2017<\/h3>\n<p>Nitzschke, S.: <a href=\"https:\/\/www.schweitzer-online.de\/go\/product\/9783869485539\"><strong><em>Instation\u00e4res Verhalten schwimmbuchsengelagerter Rotoren unter Ber\u00fccksichtigung masseerhaltender Kavitation <\/em><\/strong><\/a>, Dissertation, 2017<\/p>\n<p>Spannan, L.; Daniel, C.; Woschke, E. : <a href=\"http:\/\/dx.doi.org\/10.24352\/UB.OVGU-2017-082\" target=\"_blank\" rel=\"noopener\"><span class=\"pubtitel\"><strong>Experimental study on the velocity dependent drag coefficient and friction in an automatic ball balancer<\/strong><\/span><\/a>, Technische Mechanik, 2017, 37. Jg., Nr. 1, S. 62-68<\/p>\n<h3>2016<\/h3>\n<p>Woschke, E.; Daniel, C.; Nitzschke, S. : <a title=\"VIRM_paper_woschke_final\" href=\"http:\/\/www.ifme.ovgu.de\/ifme_media\/DY\/pdf\/Veroeffentlichungen\/2016\/VIRM_paper_woschke_final.pdf\"><em><strong>Simulative analyse of turbine trains under blade fracture conditions with regard to the implementation methods of journal bearings<\/strong><\/em><\/a> : VIRM 11 &#8211; vibrations in rotating machinery : 13-15 September 2016, University of Manchester. &#8211; London : Institution of Mechanical Engineers, S. 431-443<\/p>\n<p>Nitzschke, S.; Woschke, E.; Schmicker, D.; Strackeljan, J.: <em><strong><a href=\"http:\/\/dx.doi.org\/10.1016\/j.ijmecsci.2016.04.021\">Regularised cavitation algorithm for use in transient rotordynamic analysis<\/a><\/strong><\/em>, International journal of mechanical sciences. &#8211; Amsterdam [u.a.] : Elsevier Science, Bd. 113.2016, S. 175-183; Imp.-Fact.: 2,481<\/p>\n<h3>2015<\/h3>\n<p>Daniel, C.; Woschke, E.; Nitzschke, S.; Strackeljan, J.; Driot, N.;Braun, K.-L.; Koutsovasilis, P. : <em><strong><a title=\"daniel_woschke_nitzschke_strackeljan_Validierung_der_Hochlaufsimulation_fuer_automotive_Abgasturbolader_SIRM_2015\" href=\"http:\/\/www.ifme.ovgu.de\/ifme_media\/DY\/pdf\/Veroeffentlichungen\/2015\/daniel_woschke_nitzschke_strackeljan_Validierung_der_Hochlaufsimulation_fuer_automotive_Abgasturbolader_SIRM_2015.pdf\">Validierung der Hochlaufsimulation f\u00fcr automotive Abgasturbolader, <\/a><\/strong><\/em>Tagungsband Schwingungen in rotierenden Maschinen, Magdeburg, 23.-25.2.2015, ISBN 978-3-00-048627-2<\/p>\n<p>G\u00f6bel, S.; Daniel, C.; Woschke, E.; Strackeljan, J. : <em><strong><a title=\"Goebel_daniel_woschke_strackeljan_DoE_basierte_Sensitivitaetsanalyse_ATL_SIRM_2015\" href=\"http:\/\/www.ifme.ovgu.de\/ifme_media\/DY\/pdf\/Veroeffentlichungen\/2015\/Goebel_daniel_woschke_strackeljan_DoE_basierte_Sensitivitaetsanalyse_ATL_SIRM_2015.pdf\">DoE basierte Sensitivit\u00e4tsanalyse konstruktiver Lagerparameter eines gleitgelagerten Abgasturboladers<\/a><\/strong><\/em>, Tagungsband Schwingungen in rotierenden Maschinen, Magdeburg, 23.-25.2.2015<\/p>\n<p>Woschke, E.; G\u00f6bel, S.; Nitzschke, S.; Daniel, C.; Strackeljan, J.: <strong><em><a href=\"http:\/\/dx.doi.org\/10.1007\/978-3-319-06590-8_68\">Influence of bearing geometry of automotive turbochargers on the nonlinear vibrations during run-up<\/a><\/em><\/strong>, Proceedings of the 9th IFToMM International Conference on Rotor Dynamics. &#8211; Cham : Springer International Publishing, S. 835-844, 2015 &#8211; (Mechanisms and Machine Science; 21)<\/p>\n<p>Daniel, C.; Woschke, E.; Nitzschke, S.; G\u00f6bel, S.; Strackeljan, J.: <a title=\"Daniel_Woschke_Nitzschke_Determinismus_sub_schwingungen_MMT_2015\" href=\"http:\/\/www.ifme.ovgu.de\/ifme_media\/DY\/pdf\/Veroeffentlichungen\/2015\/Daniel_Woschke_Nitzschke_Determinismus_sub_schwingungen_MMT_2015.pdf\"><em><strong>Determinismus der subharmonischen Schwingungen in gleitgelagerten Turbomaschinen<\/strong><\/em><\/a>, Smart, effizient, mobil : 12. Magdeburger Maschinenbau-Tage ; 30. September und 1. Oktober 2015. &#8211; Magdeburg<\/p>\n<h3>2013<\/h3>\n<p>Duvigneau, F.; Nitzschke, S.; G\u00f6bel, S.; Ringwelski, S.; Gabbert, U.; Strackeljan, J.: <a href=\"http:\/\/www.uni-magdeburg.de\/ifme\/l-dynamik\/quellen\/duvigneau_nitzschke_goebel_ringwelski_gabbert_strackeljan_-_ganzheitliche_simulation_der_schallemission_eines_range-extenders_-_vom_gasdruckverlauf_zum_schalldruckverlauf_-_mmt_2013.pdf\"><strong><em>Ganzheitliche Simulation der Schallemission eines Range-Extenders &#8211; vom Gasdruck-verlauf zum Schalldruckverlauf, <\/em><\/strong><\/a>, Tagungsband 10. Magdeburger Maschinenbau-Tage<\/p>\n<p>Daniel, C.: <a href=\"http:\/\/edoc2.bibliothek.uni-halle.de\/hs\/download\/pdf\/29953?originalFilename=true\"><strong><em>Simulation von gleit- und w\u00e4lzgelagerten Systemen auf Basis eines Mehrk\u00f6rpersystems f\u00fcr rotordynamische Anwendungen <\/em><\/strong><\/a>, Dissertation, 2013<\/p>\n<p>Daniel, C.; Nitzschke, S.; Woschke, E.; Strackeljan, J.: <a href=\"http:\/\/www.uni-magdeburg.de\/ifme\/l-dynamik\/quellen\/daniel_nitzschke_woschke_strackeljan_-_identifikation_des_einfluss_konstruktiver_lagerparameter_eines_in_schwimmbuchsen_gelagerten_rotorsystems_-_sirm_2013.pdf\"><strong><em>Identifikation des Einfluss konstruktiver Lagerparameter eines in Schwimmbuchsen gelagerten Rotorsystems <\/em><\/strong><\/a>, SIRM 2013 &#8211; 10. Internationale Tagung Schwingungen in rotierenden Maschinen, 2013<\/p>\n<p>Nitzschke, S.; Woschke, E.; Daniel, C.; Strackeljan, J.: <a href=\"http:\/\/www.uni-magdeburg.de\/ifme\/l-dynamik\/quellen\/nitzschke_woschke_daniel_strackeljan_-_einfluss_der_masseerhaltenden_kavitation_auf_gleitgelagerte_rotoren_unter_instationaerer_belastung_-_sirm_2013.pdf\"><strong><em>Einfluss der masseerhaltenden Kavitation auf gleitgelagerte Rotoren unter instation\u00e4rer Belastung <\/em><\/strong><\/a>, SIRM 2013 &#8211; 10. Internationale Tagung Schwingungen in rotierenden Maschinen, 2013<\/p>\n<p>Daniel, C.; G\u00f6bel, S.; Nitzschke, S.; Woschke, E.; Strackeljan, J.: <a href=\"http:\/\/www.uni-magdeburg.de\/ifme\/l-dynamik\/quellen\/daniel_goebel_nitzschke_woschke_strackeljan_-_numerical_simulation_of_the_dynamic_behaviour_of_turbochargers_under_consideration_of_full-floating-ring_bearings_and_ball_bearings_-_icovp_2013.pdf\"><strong><em>Numerical simulation of the dynamic behaviour of turbochargers under consideration of full-floating-ring bearings and ball bearings <\/em><\/strong><\/a>, SIRM 2013 &#8211; 10. Internationale Tagung Schwingungen in rotierenden Maschinen, 2013<\/p>\n<p>Woschke, E.: <a href=\"http:\/\/edoc2.bibliothek.uni-halle.de\/hs\/download\/pdf\/28135?originalFilename=true\"><strong><em>Simulation gleitgelagerter Systeme in Mehrk\u00f6rperprogrammen unter Ber\u00fccksichtigung mechanischer und thermischer Deformationen <\/em><\/strong><\/a>, Dissertation, 2013<\/p>","protected":false},"excerpt":{"rendered":"<p>2020 Spannan, Lars; Duvigneau, Fabian; Gavila Lloret, Maria; Daniel, Christian; Juhre, Daniel; Woschke, Elmar: A study on harmonic excitation based experimental characterization of damping materials for acoustic simulations, Technische Mechanik &#8211; wissenschaftliche Zeitschrift f\u00fcr Anwendungen der technischen Mechanik &#8211; Magdeburg:<\/p>\n","protected":false},"author":1,"featured_media":0,"parent":0,"menu_order":0,"comment_status":"closed","ping_status":"closed","template":"","meta":[],"_links":{"self":[{"href":"https:\/\/www.rdu-gmbh.de\/en\/wp-json\/wp\/v2\/pages\/405"}],"collection":[{"href":"https:\/\/www.rdu-gmbh.de\/en\/wp-json\/wp\/v2\/pages"}],"about":[{"href":"https:\/\/www.rdu-gmbh.de\/en\/wp-json\/wp\/v2\/types\/page"}],"author":[{"embeddable":true,"href":"https:\/\/www.rdu-gmbh.de\/en\/wp-json\/wp\/v2\/users\/1"}],"replies":[{"embeddable":true,"href":"https:\/\/www.rdu-gmbh.de\/en\/wp-json\/wp\/v2\/comments?post=405"}],"version-history":[{"count":10,"href":"https:\/\/www.rdu-gmbh.de\/en\/wp-json\/wp\/v2\/pages\/405\/revisions"}],"predecessor-version":[{"id":610,"href":"https:\/\/www.rdu-gmbh.de\/en\/wp-json\/wp\/v2\/pages\/405\/revisions\/610"}],"wp:attachment":[{"href":"https:\/\/www.rdu-gmbh.de\/en\/wp-json\/wp\/v2\/media?parent=405"}],"curies":[{"name":"wp","href":"https:\/\/api.w.org\/{rel}","templated":true}]}}